{"id":984,"date":"2021-09-04T14:00:17","date_gmt":"2021-09-04T12:00:17","guid":{"rendered":"https:\/\/vostables.be\/?post_type=product&#038;p=984"},"modified":"2025-12-19T13:13:42","modified_gmt":"2025-12-19T11:13:42","slug":"table-de-soudure-petite","status":"publish","type":"product","link":"https:\/\/vostables.be\/fr\/produit\/table-de-soudure-petite\/","title":{"rendered":"Table de soudure petite"},"content":{"rendered":"<div class=\"wpb-content-wrapper\"><p>[vc_row][vc_column width=\u00a0\u00bb1\/1&Prime;][uncode_block id=\u00a0\u00bb4040&Prime;][\/vc_column][\/vc_row][vc_row][vc_column width=\u00a0\u00bb1\/1&Prime;][uncode_block id=\u00a0\u00bb6784&Prime;][\/vc_column][\/vc_row]<\/p>\n<\/div>","protected":false},"excerpt":{"rendered":"<h3>\u2699\ufe0f Sp\u00e9cifications<\/h3>\n<ul>\n<li><strong>Dimensions du plateau:<\/strong> 1000mm x 1000mm<\/li>\n<li><strong>Poids:<\/strong> 150 kg (\u00e9paisseur 12\u202fmm)<\/li>\n<li><strong>Hauteur de travail:<\/strong> r\u00e9glable\n<ul>\n<li><strong>Avec pieds:<\/strong> 92 \u00e0 102\u202fcm<\/li>\n<li><strong>Avec roulettes:<\/strong> 87 \u00e0 100\u202fcm<\/li>\n<\/ul>\n<\/li>\n<li><strong>Motif de per\u00e7age:<\/strong>\n<ul>\n<li>Centre \u00e0 centre: 100\u202fmm x 100\u202fmm<\/li>\n<li>Motif diagonal: 50\u202fmm x 50\u202fmm<\/li>\n<\/ul>\n<\/li>\n<li><strong>Renforcement:<\/strong>\n<ul>\n<li>Structure nervur\u00e9e en longueur et en largeur<\/li>\n<li>Bord de renfort tout autour de 140\u202fmm<\/li>\n<\/ul>\n<\/li>\n<li><strong>Mat\u00e9riau:<\/strong> S355, teint\u00e9 et huil\u00e9 pour r\u00e9duire l\u2019adh\u00e9rence des projections de soudure<\/li>\n<\/ul>\n<p><em>Choisissez les options ci-dessous<\/em><\/p>\n","protected":false},"featured_media":3446,"comment_status":"closed","ping_status":"closed","template":"","meta":{"_acf_changed":false},"product_brand":[],"product_cat":[82],"product_tag":[],"class_list":{"0":"post-984","1":"product","2":"type-product","3":"status-publish","4":"has-post-thumbnail","6":"product_cat-tables-de-soudure","7":"wcpa_has_options","9":"first","10":"instock","11":"taxable","12":"shipping-taxable","13":"purchasable","14":"product-type-simple"},"acf":[],"wcpa_form_fields":{"wcpaData":{"product":{"product_price":775,"price_html":"<ins class=\"h3\"><span class=\"woocommerce-Price-amount amount\"><bdi><span class=\"woocommerce-Price-currencySymbol\">&euro;<\/span>775,00<\/bdi><\/span> <small class=\"woocommerce-price-suffix\">ex. TVA<\/small><\/ins>","original_product_price":775,"price_including_tax":937.75,"price_excluding_tax":775,"product_id":{"parent":984,"variation":false},"is_variable":false,"stock_status":"instock","stock_quantity":null,"parent_sku":"","product_attributes":[],"custom_fields":[],"is_taxable":true,"product_name":"Table de soudure petite","hasImage":false},"fields":{"sec_068b2e67ee6d74":{"extra":{"key":"sec_068b2e67ee6d74","section_id":"sec_068b2e67ee6d74","name":"Default","status":1,"cl_rule":"show","enableCl":false,"relations":[],"toggle":true,"title_tag":"h3","show_title":false,"showPrice":"default","form_id":4127,"form_rules":{"exclude_from_discount":false,"fee_label":"Kost","disp_hide_options_price":false,"disp_show_section_price":false,"disp_show_field_price":true,"layout_option":"standard","pric_use_as_fee":false,"process_fee_as":"woo_fee"},"layout_option":"standard"},"fields":[[{"active":true,"col":6,"relations":[{"operator":false,"rules":[{"operator":"AND","rules":{"cl_field":"","cl_relation":"","cl_val":""}}]}],"cl_rule":"show","enableCl":false,"price":"","enablePrice":false,"className":"","label_position":"default","desc_position":"default","type":"select","required":false,"elementId":"select_468b2e67ee6da3","label":"Dimensions du plateau","name":"select_468b2e67ee6da3","values":[{"label":"1000mm x 1000mm (150kg)","value":"lastafel klein NL","selected":true,"tempId":"aco_80","gt_translate_keys":["label"]},{"label":"2250mm x 1000mm (330kg)","value":"lastafel middel NL","selected":false,"tempId":"aco_81","gt_translate_keys":["label"]},{"label":"2500mm x 1200mm (470kg)","value":"lastafel groot NL","selected":false,"tempId":"aco_82","gt_translate_keys":["label"]},{"label":"2980mm x 1480mm (620kg)","value":"lastafel extra groot NL","selected":false,"tempId":"aco_362","gt_translate_keys":["label"]},{"label":"4000mm x 2000mm (1.000kg)","value":"lastafel XXL NL","selected":false,"tempId":"aco_426","gt_translate_keys":["label"]},{"label":"Table de soudage sur mesure","value":"tafel op maat NL","selected":false,"tempId":"aco_956","gt_translate_keys":["label"]}],"dropdown_type":"basic","error":false,"isWeightTemplate":false,"isTemplate":false,"min_quantity":"1","quantity_decimal":false,"quantity_step":"1","quantity_label":"Quantity","repeater_field_label":"{field_label}","repeater_bind":"","gt_translate_keys":["label","repeater_field_label","quantity_label"],"price_dependency":false,"cl_dependency":false,"value":""}]]},"sec_1065b73173a18ad":{"extra":{"key":"sec_1065b73173a18ad","section_id":"sec_1065b73173a18ad","name":"Default","status":1,"cl_rule":"show","enableCl":false,"relations":[],"toggle":true,"title_tag":"h3","show_title":false,"showPrice":"default","form_id":1002,"form_rules":{"exclude_from_discount":false,"fee_label":"Kost","disp_hide_options_price":false,"disp_show_section_price":false,"disp_show_field_price":true,"layout_option":"standard","pric_use_as_fee":false,"process_fee_as":"woo_fee"},"layout_option":"standard"},"fields":[[{"type":"image-group","required":true,"label":"Epaisseur du plateau","elementId":"wcpa-image-group-614209dd13b18","inline":true,"enablePrice":true,"priceOptions":"different_for_all","pricingType":"fixed","disp_size_img":{"width":"150","height":""},"enable_popup":"no","name":"image-group-614209dd13b2e","hideImageIn_cart":true,"hideImageIn_order":true,"hideImageIn_email":true,"disp_type":"square","img_selection_type":"outline","other_text":"Other","cl_rule":"show","col":6,"values":[{"label":"Epaisseur 12 mm","price":"0","image":"https:\/\/vostables.be\/wp-content\/uploads\/2021\/09\/Dikte_Ax2.png","image_id":"239","thumb":"https:\/\/vostables.be\/wp-content\/uploads\/2021\/09\/Dikte_Ax2-150x150.png","selected":true,"value":"0","thumb_src":"https:\/\/vostables.com\/wp-content\/uploads\/2021\/09\/Dikte_Ax2-300x203.png","gt_translate_keys":["label"]}],"relations":false,"price":0,"active":true,"tooltip":"","layOut":"inline","gt_translate_keys":["label","tooltip"],"price_dependency":false,"cl_dependency":false,"value":""}],[{"type":"image-group","required":true,"label":"Gravure","elementId":"wcpa-image-group-614209dd13b3b","inline":true,"enablePrice":true,"priceOptions":"different_for_all","pricingType":"fixed","disp_size_img":{"width":"150","height":""},"enable_popup":"no","name":"image-group-614209dd13b49","hideImageIn_cart":true,"hideImageIn_order":true,"hideImageIn_email":true,"disp_type":"square","img_selection_type":"outline","other_text":"Other","cl_rule":"show","col":6,"values":[{"label":"Pas de lignes","price":"0","image":"https:\/\/vostables.be\/wp-content\/uploads\/2021\/09\/Gravering_zonderx2.png","image_id":"241","thumb":"https:\/\/vostables.be\/wp-content\/uploads\/2021\/09\/Gravering_zonderx2-150x150.png","selected":false,"value":"0","tempId":"aco_27","thumb_src":"https:\/\/vostables.com\/wp-content\/uploads\/2021\/09\/Gravering_zonderx2-300x203.png","gt_translate_keys":["label"]},{"label":"Lignes grav\u00e9es","price":"40","image":"https:\/\/vostables.be\/wp-content\/uploads\/2021\/09\/Gravering_metx2.png","image_id":"242","thumb":"https:\/\/vostables.be\/wp-content\/uploads\/2021\/09\/Gravering_metx2-150x150.png","value":"1","tempId":"aco_28","selected":true,"thumb_src":"https:\/\/vostables.com\/wp-content\/uploads\/2021\/09\/Gravering_metx2-300x203.png","gt_translate_keys":["label"]}],"relations":false,"price":0,"active":true,"tooltip":"","layOut":"inline","error":false,"gt_translate_keys":["label","tooltip"],"price_dependency":false,"cl_dependency":false,"value":""}],[{"type":"image-group","required":true,"label":"Compos\u00e9","elementId":"wcpa-image-group-614209dd13b55","description":"","desc_type":true,"inline":true,"enablePrice":true,"priceOptions":"different_for_all","pricingType":"fixed","disp_size_img":{"width":"150","height":""},"enable_popup":"no","className":"bouwpakketlastafelselector","name":"image-group-614209dd13b5f","hideImageIn_cart":true,"hideImageIn_order":true,"hideImageIn_email":true,"disp_type":"square","img_selection_type":"outline","other_text":"Other","cl_rule":"show","col":6,"values":[{"label":"Un kit","price":"0","image":"https:\/\/vostables.be\/wp-content\/uploads\/2021\/09\/zelf_samenstellenx2.png","image_id":"243","thumb":"https:\/\/vostables.be\/wp-content\/uploads\/2021\/09\/zelf_samenstellenx2-150x150.png","value":"0","thumb_src":"https:\/\/vostables.com\/wp-content\/uploads\/2021\/09\/zelf_samenstellenx2-300x203.png","gt_translate_keys":["label"]},{"label":"Compos\u00e9","price":"150","image":"https:\/\/vostables.be\/wp-content\/uploads\/2021\/09\/TABEL1x2.png","image_id":"244","thumb":"https:\/\/vostables.be\/wp-content\/uploads\/2021\/09\/TABEL1x2-150x150.png","selected":true,"value":"1","thumb_src":"https:\/\/vostables.com\/wp-content\/uploads\/2021\/09\/TABEL1x2-300x203.png","gt_translate_keys":["label"]}],"relations":false,"price":0,"active":true,"tooltip":"<a href=\"https:\/\/vostables.be\/fr\/faq\/#1673970175435-6-6\" class=\"lastafeltooltip\">Plus d'informations sur le kit ici <\/a>","layOut":"inline","gt_translate_keys":["label","description","tooltip"],"price_dependency":false,"cl_dependency":false,"value":""}],[{"type":"image-group","required":true,"label":"Des trous de diam\u00e8tre","elementId":"wcpa-image-group-614209dd13b6c","inline":true,"enablePrice":true,"priceOptions":"different_for_all","pricingType":"fixed","disp_size_img":{"width":"150","height":""},"enable_popup":"no","name":"image-group-614209dd13b77","hideImageIn_cart":true,"hideImageIn_order":true,"hideImageIn_email":true,"disp_type":"square","img_selection_type":"outline","other_text":"Other","cl_rule":"show","col":6,"values":[{"label":"16mm","price":"50","image":"https:\/\/vostables.be\/wp-content\/uploads\/2021\/09\/gaten_Sx2.png","image_id":"245","thumb":"https:\/\/vostables.be\/wp-content\/uploads\/2021\/09\/gaten_Sx2-150x150.png","value":"0","thumb_src":"https:\/\/vostables.com\/wp-content\/uploads\/2021\/09\/gaten_Sx2-300x203.png","gt_translate_keys":["label"]},{"label":"20mm","price":"0","image":"https:\/\/vostables.be\/wp-content\/uploads\/2021\/09\/gaten_Mx2-1.png","image_id":"486","thumb":"https:\/\/vostables.be\/wp-content\/uploads\/2021\/09\/gaten_Mx2-1-150x150.png","selected":true,"value":"1","thumb_src":"https:\/\/vostables.com\/wp-content\/uploads\/2021\/09\/gaten_Mx2-1-300x203.png","gt_translate_keys":["label"]},{"label":"28mm","price":"50","image":"https:\/\/vostables.be\/wp-content\/uploads\/2021\/09\/gaten_lx2.png","image_id":"246","thumb":"https:\/\/vostables.be\/wp-content\/uploads\/2021\/09\/gaten_lx2-150x150.png","value":"2","thumb_src":"https:\/\/vostables.com\/wp-content\/uploads\/2021\/09\/gaten_lx2-300x203.png","gt_translate_keys":["label"]}],"relations":false,"price":0,"active":true,"tooltip":"","layOut":"inline","gt_translate_keys":["label","tooltip"],"price_dependency":false,"cl_dependency":false,"value":""}],[{"label":"Mod\u00e8le de trou","active":true,"required":true,"elementId":"image-group-5598738216","tooltip":"<a href=\"https:\/\/vostables.be\/fr\/trous-supplementaires\/\" class=\"lastafeltooltip\">Plus d'informations peuvent \u00eatre trouv\u00e9es ici<\/a>","name":"image-group-5598738216","enablePrice":true,"relations":false,"layOut":"inline","other_text":"Other","disp_size_img":{"width":"150","height":""},"enable_popup":"no","disp_type":"square","img_selection_type":"outline","values":[{"label":"100x100mm","price":"0","image":"https:\/\/vostables.be\/wp-content\/uploads\/2024\/08\/100x100.jpg","image_id":2745,"thumb":"https:\/\/vostables.be\/wp-content\/uploads\/2024\/08\/Gatenpatroon-standaard-150x150.jpg","value":"0","tempId":"aco_44","selected":true,"thumb_src":"https:\/\/vostables.com\/wp-content\/uploads\/2024\/08\/Gatenpatroon-standaard-300x203.jpg","gt_translate_keys":["label"]},{"label":"Diagonale 50x50mm","price":"50","image":"https:\/\/vostables.be\/wp-content\/uploads\/2024\/08\/50x50.jpg","image_id":2667,"thumb":"https:\/\/vostables.be\/wp-content\/uploads\/2024\/08\/50x50-150x150.jpg","selected":false,"value":"1","tempId":"aco_45","thumb_src":"https:\/\/vostables.com\/wp-content\/uploads\/2024\/08\/50x50-300x203.jpg","gt_translate_keys":["label"]}],"priceOptions":"different_for_all","pricingType":"fixed","price":0,"cl_rule":"show","col":6,"type":"image-group","error":false,"hideImageIn_cart":true,"hideImageIn_order":true,"hideImageIn_email":true,"gt_translate_keys":["label","tooltip"],"price_dependency":false,"cl_dependency":false,"value":""}],[{"type":"image-group","required":true,"label":"Ch\u00e2ssis","elementId":"wcpa-image-group-614209dd13b82","inline":true,"enablePrice":true,"priceOptions":"different_for_all","pricingType":"fixed","disp_size_img":{"width":"150","height":""},"enable_popup":"no","name":"image-group-614209dd13b8e","hideImageIn_cart":true,"hideImageIn_order":true,"hideImageIn_email":true,"disp_type":"square","img_selection_type":"outline","other_text":"Other","cl_rule":"show","col":6,"values":[{"label":"4 pieds r\u00e9glables ","price":"0","image":"https:\/\/vostables.be\/wp-content\/uploads\/2021\/09\/potenx2-1.png","image_id":"487","thumb":"https:\/\/vostables.be\/wp-content\/uploads\/2021\/09\/potenx2-1-150x150.png","selected":true,"value":"0","thumb_src":"https:\/\/vostables.com\/wp-content\/uploads\/2021\/09\/potenx2-1-300x203.png","gt_translate_keys":["label"]},{"label":"4 Roulettes r\u00e9glables","price":"260","image":"https:\/\/vostables.be\/wp-content\/uploads\/2023\/06\/wielen.jpg","image_id":"1835","thumb":"https:\/\/vostables.be\/wp-content\/uploads\/2023\/06\/wielen-150x150.jpg","value":"1","thumb_src":"https:\/\/vostables.com\/wp-content\/uploads\/2023\/06\/wielen-300x200.jpg","gt_translate_keys":["label"]}],"relations":false,"price":0,"active":true,"tooltip":"","layOut":"inline","error":false,"gt_translate_keys":["label","tooltip"],"price_dependency":false,"cl_dependency":false,"value":""}]]}},"config":{"price_override":"","enable_recaptcha":false,"bind_quantity":false,"quantity_bind_formula":false,"disp_summ_show_option_price":true,"disp_summ_show_product_price":true,"disp_summ_show_total_price":true,"disp_summ_show_fee":false,"disp_summ_show_discount":false,"summary_title":"","options_total_label":"Options de prix","total_label":"Total","options_product_label":"Prix du produit","fee_label":"Kost","discount_label":"Discount","has_price":true,"has_quantity_formula":false},"mc_unit":1,"tax_rate":1,"tax_rate_real":0.21,"discount":{"percentage":0,"fixed":0},"design":{"conf":{"LabelPosition":"above","DescPosition":"above","UploadField":"custom_1","QuantityFieldStyle":"default"},"css":{"LeftLabelWidth":"120px"}},"formulas":[],"lookuptables":[],"clones":false,"cartKey":false}},"_links":{"self":[{"href":"https:\/\/vostables.be\/fr\/wp-json\/wp\/v2\/product\/984","targetHints":{"allow":["GET"]}}],"collection":[{"href":"https:\/\/vostables.be\/fr\/wp-json\/wp\/v2\/product"}],"about":[{"href":"https:\/\/vostables.be\/fr\/wp-json\/wp\/v2\/types\/product"}],"replies":[{"embeddable":true,"href":"https:\/\/vostables.be\/fr\/wp-json\/wp\/v2\/comments?post=984"}],"wp:featuredmedia":[{"embeddable":true,"href":"https:\/\/vostables.be\/fr\/wp-json\/wp\/v2\/media\/3446"}],"wp:attachment":[{"href":"https:\/\/vostables.be\/fr\/wp-json\/wp\/v2\/media?parent=984"}],"wp:term":[{"taxonomy":"product_brand","embeddable":true,"href":"https:\/\/vostables.be\/fr\/wp-json\/wp\/v2\/product_brand?post=984"},{"taxonomy":"product_cat","embeddable":true,"href":"https:\/\/vostables.be\/fr\/wp-json\/wp\/v2\/product_cat?post=984"},{"taxonomy":"product_tag","embeddable":true,"href":"https:\/\/vostables.be\/fr\/wp-json\/wp\/v2\/product_tag?post=984"}],"curies":[{"name":"wp","href":"https:\/\/api.w.org\/{rel}","templated":true}]}}